{"id":1102,"date":"2019-01-31T12:41:53","date_gmt":"2019-01-31T11:41:53","guid":{"rendered":"https:\/\/aguarent.es\/blog\/?post_type=product&#038;p=1102"},"modified":"2019-03-07T10:51:18","modified_gmt":"2019-03-07T09:51:18","slug":"vaso-papel-biodegradable","status":"publish","type":"product","link":"https:\/\/aguarent.es\/blog\/producto\/vaso-papel-biodegradable\/","title":{"rendered":"Cono papel biodegradable"},"content":{"rendered":"","protected":false},"excerpt":{"rendered":"<p>Vasos de papel desechables, de material biodegradable para fuentes y dispensadores. Estos vasos, de forma c\u00f3nica, son recomendados como sustitutos de los vasos de pl\u00e1stico, al estar pensados para reducir la contaminaci\u00f3n ambiental y ser de un material 100% biodegradable. Ideales para colegios, oficinas, hospitales, etc.<\/p>\n<p>&nbsp;<\/p>\n","protected":false},"featured_media":1105,"comment_status":"open","ping_status":"closed","template":"","meta":[],"class_list":{"0":"post-1102","1":"product","2":"type-product","3":"status-publish","4":"has-post-thumbnail","6":"product_cat-accesorios","8":"first","9":"instock","10":"sale","11":"shipping-taxable","12":"purchasable","13":"product-type-simple"},"_links":{"self":[{"href":"https:\/\/aguarent.es\/blog\/wp-json\/wp\/v2\/product\/1102","targetHints":{"allow":["GET"]}}],"collection":[{"href":"https:\/\/aguarent.es\/blog\/wp-json\/wp\/v2\/product"}],"about":[{"href":"https:\/\/aguarent.es\/blog\/wp-json\/wp\/v2\/types\/product"}],"replies":[{"embeddable":true,"href":"https:\/\/aguarent.es\/blog\/wp-json\/wp\/v2\/comments?post=1102"}],"wp:featuredmedia":[{"embeddable":true,"href":"https:\/\/aguarent.es\/blog\/wp-json\/wp\/v2\/media\/1105"}],"wp:attachment":[{"href":"https:\/\/aguarent.es\/blog\/wp-json\/wp\/v2\/media?parent=1102"}],"curies":[{"name":"wp","href":"https:\/\/api.w.org\/{rel}","templated":true}]}}