{"id":1181,"date":"2019-02-05T10:30:41","date_gmt":"2019-02-05T09:30:41","guid":{"rendered":"https:\/\/aguarent.es\/blog\/?post_type=product&#038;p=1181"},"modified":"2019-03-07T10:49:42","modified_gmt":"2019-03-07T09:49:42","slug":"vasos-de-carton","status":"publish","type":"product","link":"https:\/\/aguarent.es\/blog\/producto\/vasos-de-carton\/","title":{"rendered":"Vasos de cart\u00f3n"},"content":{"rendered":"","protected":false},"excerpt":{"rendered":"<p class=\"p1\"><span class=\"s1\">Vaso de papel compostable para bebidas calientes en color blanco. Capacidad de 192ml \/ 7oz, tama\u00f1o \u00f3ptimo para caf\u00e9 cortado, solo e infusiones.<br \/>\n<\/span><span class=\"s1\">Vaso desechable dise\u00f1ado para el consumo de bebidas, de material 100% reciclable.\u00a0<\/span><\/p>\n","protected":false},"featured_media":1182,"comment_status":"open","ping_status":"closed","template":"","meta":[],"class_list":{"0":"post-1181","1":"product","2":"type-product","3":"status-publish","4":"has-post-thumbnail","6":"product_cat-accesorios","8":"first","9":"instock","10":"shipping-taxable","11":"purchasable","12":"product-type-simple"},"_links":{"self":[{"href":"https:\/\/aguarent.es\/blog\/wp-json\/wp\/v2\/product\/1181","targetHints":{"allow":["GET"]}}],"collection":[{"href":"https:\/\/aguarent.es\/blog\/wp-json\/wp\/v2\/product"}],"about":[{"href":"https:\/\/aguarent.es\/blog\/wp-json\/wp\/v2\/types\/product"}],"replies":[{"embeddable":true,"href":"https:\/\/aguarent.es\/blog\/wp-json\/wp\/v2\/comments?post=1181"}],"wp:featuredmedia":[{"embeddable":true,"href":"https:\/\/aguarent.es\/blog\/wp-json\/wp\/v2\/media\/1182"}],"wp:attachment":[{"href":"https:\/\/aguarent.es\/blog\/wp-json\/wp\/v2\/media?parent=1181"}],"curies":[{"name":"wp","href":"https:\/\/api.w.org\/{rel}","templated":true}]}}