{"id":1188,"date":"2019-02-05T10:54:07","date_gmt":"2019-02-05T09:54:07","guid":{"rendered":"https:\/\/aguarent.es\/blog\/?post_type=product&#038;p=1188"},"modified":"2019-03-07T10:46:00","modified_gmt":"2019-03-07T09:46:00","slug":"portador-vasos-para-dispensador","status":"publish","type":"product","link":"https:\/\/aguarent.es\/blog\/producto\/portador-vasos-para-dispensador\/","title":{"rendered":"Portavasos para dispensador"},"content":{"rendered":"","protected":false},"excerpt":{"rendered":"<p>Portavasos transparente\u00a0de policarbonato de alta resistencia, para dispensador de agua. Dise\u00f1ado para su colocaci\u00f3n en cualquier m\u00e1quina de agua independientemente de su color y forma. El producto est\u00e1 compuesto por un cuerpo y tapa de color transparente y un enganche met\u00e1lico por donde se fija a la fuente.\u00a0Tanto el soporte como las pesta\u00f1as de acero han sido sometidos a un tratamiento de cromado que aporta mayor dureza, resistencia al desgaste y a la corrosi\u00f3n.<\/p>\n","protected":false},"featured_media":1191,"comment_status":"open","ping_status":"closed","template":"","meta":[],"class_list":{"0":"post-1188","1":"product","2":"type-product","3":"status-publish","4":"has-post-thumbnail","6":"product_cat-accesorios","8":"first","9":"instock","10":"shipping-taxable","11":"purchasable","12":"product-type-simple"},"_links":{"self":[{"href":"https:\/\/aguarent.es\/blog\/wp-json\/wp\/v2\/product\/1188","targetHints":{"allow":["GET"]}}],"collection":[{"href":"https:\/\/aguarent.es\/blog\/wp-json\/wp\/v2\/product"}],"about":[{"href":"https:\/\/aguarent.es\/blog\/wp-json\/wp\/v2\/types\/product"}],"replies":[{"embeddable":true,"href":"https:\/\/aguarent.es\/blog\/wp-json\/wp\/v2\/comments?post=1188"}],"wp:featuredmedia":[{"embeddable":true,"href":"https:\/\/aguarent.es\/blog\/wp-json\/wp\/v2\/media\/1191"}],"wp:attachment":[{"href":"https:\/\/aguarent.es\/blog\/wp-json\/wp\/v2\/media?parent=1188"}],"curies":[{"name":"wp","href":"https:\/\/api.w.org\/{rel}","templated":true}]}}