{"id":1400,"date":"2019-03-04T11:50:30","date_gmt":"2019-03-04T10:50:30","guid":{"rendered":"https:\/\/aguarent.es\/blog\/?post_type=product&#038;p=1400"},"modified":"2019-03-07T10:37:15","modified_gmt":"2019-03-07T09:37:15","slug":"paletina-para-mover-cafe","status":"publish","type":"product","link":"https:\/\/aguarent.es\/blog\/producto\/paletina-para-mover-cafe\/","title":{"rendered":"Paletina para mover caf\u00e9"},"content":{"rendered":"","protected":false},"excerpt":{"rendered":"<p>Paletinas de pl\u00e1stico transparente para remover caf\u00e9 y bebidas calientes.<br \/>\nEnvasadas una a una, con una cubierta de papel individual para mayor higiene.<\/p>\n<p>&nbsp;<\/p>\n","protected":false},"featured_media":1402,"comment_status":"open","ping_status":"closed","template":"","meta":[],"class_list":{"0":"post-1400","1":"product","2":"type-product","3":"status-publish","4":"has-post-thumbnail","6":"product_cat-accesorios","8":"first","9":"instock","10":"shipping-taxable","11":"purchasable","12":"product-type-simple"},"_links":{"self":[{"href":"https:\/\/aguarent.es\/blog\/wp-json\/wp\/v2\/product\/1400","targetHints":{"allow":["GET"]}}],"collection":[{"href":"https:\/\/aguarent.es\/blog\/wp-json\/wp\/v2\/product"}],"about":[{"href":"https:\/\/aguarent.es\/blog\/wp-json\/wp\/v2\/types\/product"}],"replies":[{"embeddable":true,"href":"https:\/\/aguarent.es\/blog\/wp-json\/wp\/v2\/comments?post=1400"}],"wp:featuredmedia":[{"embeddable":true,"href":"https:\/\/aguarent.es\/blog\/wp-json\/wp\/v2\/media\/1402"}],"wp:attachment":[{"href":"https:\/\/aguarent.es\/blog\/wp-json\/wp\/v2\/media?parent=1400"}],"curies":[{"name":"wp","href":"https:\/\/api.w.org\/{rel}","templated":true}]}}