{"id":914,"date":"2019-01-31T10:29:16","date_gmt":"2019-01-31T09:29:16","guid":{"rendered":"https:\/\/aguarent.es\/blog\/?post_type=product&#038;p=914"},"modified":"2019-03-07T10:52:48","modified_gmt":"2019-03-07T09:52:48","slug":"vasos-de-plastico","status":"publish","type":"product","link":"https:\/\/aguarent.es\/blog\/producto\/vasos-de-plastico\/","title":{"rendered":"Vasos de Pl\u00e1stico PP 220ml"},"content":{"rendered":"","protected":false},"excerpt":{"rendered":"<p>Vaso de pl\u00e1stico desechable transparente de 220ml. de capacidad. Perfecto para m\u00e1quinas de agua y dispensadores, as\u00ed como para refrescos. El material del que est\u00e1n hechos es de polipropileno alimentario, lo que les da una resistencia\u00a0pr\u00e1cticamente irrompible.\u00a0<strong> Productos de un solo uso,<\/strong>\u00a0perfectos para fiestas, cumplea\u00f1os, celebraciones, etc.<\/p>\n<p>&nbsp;<\/p>\n","protected":false},"featured_media":1187,"comment_status":"open","ping_status":"closed","template":"","meta":[],"class_list":{"0":"post-914","1":"product","2":"type-product","3":"status-publish","4":"has-post-thumbnail","6":"product_cat-accesorios","8":"first","9":"instock","10":"shipping-taxable","11":"purchasable","12":"product-type-simple"},"_links":{"self":[{"href":"https:\/\/aguarent.es\/blog\/wp-json\/wp\/v2\/product\/914","targetHints":{"allow":["GET"]}}],"collection":[{"href":"https:\/\/aguarent.es\/blog\/wp-json\/wp\/v2\/product"}],"about":[{"href":"https:\/\/aguarent.es\/blog\/wp-json\/wp\/v2\/types\/product"}],"replies":[{"embeddable":true,"href":"https:\/\/aguarent.es\/blog\/wp-json\/wp\/v2\/comments?post=914"}],"wp:featuredmedia":[{"embeddable":true,"href":"https:\/\/aguarent.es\/blog\/wp-json\/wp\/v2\/media\/1187"}],"wp:attachment":[{"href":"https:\/\/aguarent.es\/blog\/wp-json\/wp\/v2\/media?parent=914"}],"curies":[{"name":"wp","href":"https:\/\/api.w.org\/{rel}","templated":true}]}}